{"id":1588,"date":"2022-09-28T11:37:12","date_gmt":"2022-09-28T09:37:12","guid":{"rendered":"https:\/\/vrd-studio.com\/?page_id=1588"},"modified":"2022-10-30T15:34:13","modified_gmt":"2022-10-30T14:34:13","slug":"rdv","status":"publish","type":"page","link":"https:\/\/vrd-studio.com\/en\/rdv\/","title":{"rendered":"Prendre un rendez-vous :"},"content":{"rendered":"\t\t<div data-elementor-type=\"wp-page\" data-elementor-id=\"1588\" class=\"elementor elementor-1588\" data-elementor-post-type=\"page\">\n\t\t\t\t\t\t<section class=\"ob-is-breaking-bad elementor-section elementor-top-section elementor-element elementor-element-8b9b5fe elementor-section-boxed elementor-section-height-default elementor-section-height-default\" data-id=\"8b9b5fe\" data-element_type=\"section\" data-e-type=\"section\" data-settings=\"{&quot;_ob_bbad_use_it&quot;:&quot;yes&quot;,&quot;_ob_bbad_sssic_use&quot;:&quot;no&quot;,&quot;_ob_glider_is_slider&quot;:&quot;no&quot;}\">\n\t\t\t\t\t\t<div class=\"elementor-container elementor-column-gap-default\">\n\t\t\t\t\t<div class=\"elementor-column elementor-col-100 elementor-top-column elementor-element elementor-element-9327102\" data-id=\"9327102\" data-element_type=\"column\" data-e-type=\"column\" data-settings=\"{&quot;_ob_bbad_is_stalker&quot;:&quot;no&quot;,&quot;_ob_teleporter_use&quot;:false,&quot;_ob_column_hoveranimator&quot;:&quot;no&quot;,&quot;_ob_column_has_pseudo&quot;:&quot;no&quot;}\">\n\t\t\t<div class=\"elementor-widget-wrap elementor-element-populated\">\n\t\t\t\t\t\t<div class=\"elementor-element elementor-element-ef65c2d ob-harakiri-inherit ob-has-background-overlay elementor-widget elementor-widget-heading\" data-id=\"ef65c2d\" data-element_type=\"widget\" data-e-type=\"widget\" data-settings=\"{&quot;_ob_use_harakiri&quot;:&quot;yes&quot;,&quot;_ob_harakiri_writing_mode&quot;:&quot;inherit&quot;,&quot;_ob_harakiri_text_clip&quot;:&quot;none&quot;,&quot;_ob_perspektive_use&quot;:&quot;no&quot;,&quot;_ob_poopart_use&quot;:&quot;yes&quot;,&quot;_ob_shadough_use&quot;:&quot;no&quot;,&quot;_ob_allow_hoveranimator&quot;:&quot;no&quot;,&quot;_ob_widget_stalker_use&quot;:&quot;no&quot;}\" data-widget_type=\"heading.default\">\n\t\t\t\t<div class=\"elementor-widget-container\">\n\t\t\t\t\t<h2 class=\"elementor-heading-title elementor-size-default\">Prendre un rendez-vous :<\/h2>\t\t\t\t<\/div>\n\t\t\t\t<\/div>\n\t\t\t\t\t<\/div>\n\t\t<\/div>\n\t\t\t\t\t<\/div>\n\t\t<\/section>\n\t\t\t\t<section class=\"ob-is-breaking-bad elementor-section elementor-top-section elementor-element elementor-element-54a9d999 elementor-section-height-min-height elementor-section-content-middle elementor-section-boxed elementor-section-height-default elementor-section-items-middle\" data-id=\"54a9d999\" data-element_type=\"section\" data-e-type=\"section\" data-settings=\"{&quot;_ob_bbad_use_it&quot;:&quot;yes&quot;,&quot;_ob_bbad_sssic_use&quot;:&quot;no&quot;,&quot;_ob_glider_is_slider&quot;:&quot;no&quot;}\">\n\t\t\t\t\t\t<div class=\"elementor-container elementor-column-gap-default\">\n\t\t\t\t\t<div class=\"elementor-column elementor-col-100 elementor-top-column elementor-element elementor-element-6d663993\" data-id=\"6d663993\" data-element_type=\"column\" data-e-type=\"column\" data-settings=\"{&quot;_ob_bbad_is_stalker&quot;:&quot;no&quot;,&quot;_ob_teleporter_use&quot;:false,&quot;_ob_column_hoveranimator&quot;:&quot;no&quot;,&quot;_ob_column_has_pseudo&quot;:&quot;no&quot;}\">\n\t\t\t<div class=\"elementor-widget-wrap elementor-element-populated\">\n\t\t\t\t\t\t<div class=\"elementor-element elementor-element-2b9302ad ob-harakiri-inherit ob-has-background-overlay elementor-widget elementor-widget-text-editor\" data-id=\"2b9302ad\" data-element_type=\"widget\" data-e-type=\"widget\" data-settings=\"{&quot;_ob_use_harakiri&quot;:&quot;yes&quot;,&quot;_ob_harakiri_writing_mode&quot;:&quot;inherit&quot;,&quot;_ob_postman_use&quot;:&quot;no&quot;,&quot;_ob_perspektive_use&quot;:&quot;no&quot;,&quot;_ob_poopart_use&quot;:&quot;yes&quot;,&quot;_ob_shadough_use&quot;:&quot;no&quot;,&quot;_ob_allow_hoveranimator&quot;:&quot;no&quot;,&quot;_ob_widget_stalker_use&quot;:&quot;no&quot;}\" data-widget_type=\"text-editor.default\">\n\t\t\t\t<div class=\"elementor-widget-container\">\n\t\t\t\t\t\t\t\t\t\n<div class=\"wp-block-amelia-step-booking-gutenberg-block\">[ameliastepbooking employee=1]<\/div>\n\n\n\n<p><\/p>\n\t\t\t\t\t\t\t\t<\/div>\n\t\t\t\t<\/div>\n\t\t\t\t\t<\/div>\n\t\t<\/div>\n\t\t\t\t\t<\/div>\n\t\t<\/section>\n\t\t\t\t<\/div>\n\t\t","protected":false},"excerpt":{"rendered":"","protected":false},"author":2,"featured_media":1600,"parent":0,"menu_order":0,"comment_status":"closed","ping_status":"closed","template":"","meta":{"footnotes":""},"class_list":["post-1588","page","type-page","status-publish","has-post-thumbnail","hentry"],"yoast_head":"<!-- This site is optimized with the Yoast SEO plugin v27.4 - https:\/\/yoast.com\/product\/yoast-seo-wordpress\/ -->\n<title>Prendre un rendez-vous : - VRD Studio<\/title>\n<meta name=\"description\" content=\"Au bureau ou en visioconf\u00e9rence, pour pr\u00e9senter et discuter de votre projet immersif. R\u00e9alit\u00e9 virtuelle ou sur \u00e9cran holographique visualisez l&#039;avenir aujourd&#039;hui!\" \/>\n<meta name=\"robots\" content=\"index, follow, max-snippet:-1, max-image-preview:large, max-video-preview:-1\" \/>\n<link rel=\"canonical\" href=\"https:\/\/vrd-studio.com\/en\/rdv\/\" \/>\n<meta property=\"og:locale\" content=\"en_US\" \/>\n<meta property=\"og:type\" content=\"article\" \/>\n<meta property=\"og:title\" content=\"Prendre un rendez-vous : - VRD Studio\" \/>\n<meta property=\"og:description\" content=\"Au bureau ou en visioconf\u00e9rence, pour pr\u00e9senter et discuter de votre projet immersif. R\u00e9alit\u00e9 virtuelle ou sur \u00e9cran holographique visualisez l&#039;avenir aujourd&#039;hui!\" \/>\n<meta property=\"og:url\" content=\"https:\/\/vrd-studio.com\/en\/rdv\/\" \/>\n<meta property=\"og:site_name\" content=\"VRD Studio\" \/>\n<meta property=\"article:publisher\" content=\"https:\/\/www.facebook.com\/VirtualRealityDesignStudio\" \/>\n<meta property=\"article:modified_time\" content=\"2022-10-30T14:34:13+00:00\" \/>\n<meta property=\"og:image\" content=\"https:\/\/vrd-studio.com\/wp-content\/uploads\/2022\/09\/20220212_171208-scaled.jpg\" \/>\n\t<meta property=\"og:image:width\" content=\"2560\" \/>\n\t<meta property=\"og:image:height\" content=\"1920\" \/>\n\t<meta property=\"og:image:type\" content=\"image\/jpeg\" \/>\n<meta name=\"twitter:card\" content=\"summary_large_image\" \/>\n<meta name=\"twitter:label1\" content=\"Est. reading time\" \/>\n\t<meta name=\"twitter:data1\" content=\"1 minute\" \/>\n<script type=\"application\/ld+json\" class=\"yoast-schema-graph\">{\"@context\":\"https:\\\/\\\/schema.org\",\"@graph\":[{\"@type\":\"WebPage\",\"@id\":\"https:\\\/\\\/vrd-studio.com\\\/rdv\\\/\",\"url\":\"https:\\\/\\\/vrd-studio.com\\\/rdv\\\/\",\"name\":\"Prendre un rendez-vous : - VRD Studio\",\"isPartOf\":{\"@id\":\"https:\\\/\\\/vrd-studio.com\\\/#website\"},\"primaryImageOfPage\":{\"@id\":\"https:\\\/\\\/vrd-studio.com\\\/rdv\\\/#primaryimage\"},\"image\":{\"@id\":\"https:\\\/\\\/vrd-studio.com\\\/rdv\\\/#primaryimage\"},\"thumbnailUrl\":\"https:\\\/\\\/vrd-studio.com\\\/wp-content\\\/uploads\\\/2022\\\/09\\\/20220212_171208-scaled.jpg\",\"datePublished\":\"2022-09-28T09:37:12+00:00\",\"dateModified\":\"2022-10-30T14:34:13+00:00\",\"description\":\"Au bureau ou en visioconf\u00e9rence, pour pr\u00e9senter et discuter de votre projet immersif. R\u00e9alit\u00e9 virtuelle ou sur \u00e9cran holographique visualisez l'avenir aujourd'hui!\",\"breadcrumb\":{\"@id\":\"https:\\\/\\\/vrd-studio.com\\\/rdv\\\/#breadcrumb\"},\"inLanguage\":\"en-US\",\"potentialAction\":[{\"@type\":\"ReadAction\",\"target\":[\"https:\\\/\\\/vrd-studio.com\\\/rdv\\\/\"]}]},{\"@type\":\"ImageObject\",\"inLanguage\":\"en-US\",\"@id\":\"https:\\\/\\\/vrd-studio.com\\\/rdv\\\/#primaryimage\",\"url\":\"https:\\\/\\\/vrd-studio.com\\\/wp-content\\\/uploads\\\/2022\\\/09\\\/20220212_171208-scaled.jpg\",\"contentUrl\":\"https:\\\/\\\/vrd-studio.com\\\/wp-content\\\/uploads\\\/2022\\\/09\\\/20220212_171208-scaled.jpg\",\"width\":2560,\"height\":1920},{\"@type\":\"BreadcrumbList\",\"@id\":\"https:\\\/\\\/vrd-studio.com\\\/rdv\\\/#breadcrumb\",\"itemListElement\":[{\"@type\":\"ListItem\",\"position\":1,\"name\":\"Accueil\",\"item\":\"https:\\\/\\\/vrd-studio.com\\\/\"},{\"@type\":\"ListItem\",\"position\":2,\"name\":\"Prendre un rendez-vous :\"}]},{\"@type\":\"WebSite\",\"@id\":\"https:\\\/\\\/vrd-studio.com\\\/#website\",\"url\":\"https:\\\/\\\/vrd-studio.com\\\/\",\"name\":\"VRD Studio\",\"description\":\"IMMERSIVE EXPERIENCE DESIGNERS\",\"publisher\":{\"@id\":\"https:\\\/\\\/vrd-studio.com\\\/#organization\"},\"potentialAction\":[{\"@type\":\"SearchAction\",\"target\":{\"@type\":\"EntryPoint\",\"urlTemplate\":\"https:\\\/\\\/vrd-studio.com\\\/?s={search_term_string}\"},\"query-input\":{\"@type\":\"PropertyValueSpecification\",\"valueRequired\":true,\"valueName\":\"search_term_string\"}}],\"inLanguage\":\"en-US\"},{\"@type\":\"Organization\",\"@id\":\"https:\\\/\\\/vrd-studio.com\\\/#organization\",\"name\":\"VRD Studio\",\"url\":\"https:\\\/\\\/vrd-studio.com\\\/\",\"logo\":{\"@type\":\"ImageObject\",\"inLanguage\":\"en-US\",\"@id\":\"https:\\\/\\\/vrd-studio.com\\\/#\\\/schema\\\/logo\\\/image\\\/\",\"url\":\"https:\\\/\\\/vrd-studio.com\\\/wp-content\\\/uploads\\\/2020\\\/07\\\/VRDnexC-e1594897867730.jpg\",\"contentUrl\":\"https:\\\/\\\/vrd-studio.com\\\/wp-content\\\/uploads\\\/2020\\\/07\\\/VRDnexC-e1594897867730.jpg\",\"width\":150,\"height\":150,\"caption\":\"VRD Studio\"},\"image\":{\"@id\":\"https:\\\/\\\/vrd-studio.com\\\/#\\\/schema\\\/logo\\\/image\\\/\"},\"sameAs\":[\"https:\\\/\\\/www.facebook.com\\\/VirtualRealityDesignStudio\",\"https:\\\/\\\/www.youtube.com\\\/user\\\/raffy90CL\"]}]}<\/script>\n<!-- \/ Yoast SEO plugin. -->","yoast_head_json":{"title":"Prendre un rendez-vous : - VRD Studio","description":"Au bureau ou en visioconf\u00e9rence, pour pr\u00e9senter et discuter de votre projet immersif. R\u00e9alit\u00e9 virtuelle ou sur \u00e9cran holographique visualisez l'avenir aujourd'hui!","robots":{"index":"index","follow":"follow","max-snippet":"max-snippet:-1","max-image-preview":"max-image-preview:large","max-video-preview":"max-video-preview:-1"},"canonical":"https:\/\/vrd-studio.com\/en\/rdv\/","og_locale":"en_US","og_type":"article","og_title":"Prendre un rendez-vous : - VRD Studio","og_description":"Au bureau ou en visioconf\u00e9rence, pour pr\u00e9senter et discuter de votre projet immersif. R\u00e9alit\u00e9 virtuelle ou sur \u00e9cran holographique visualisez l'avenir aujourd'hui!","og_url":"https:\/\/vrd-studio.com\/en\/rdv\/","og_site_name":"VRD Studio","article_publisher":"https:\/\/www.facebook.com\/VirtualRealityDesignStudio","article_modified_time":"2022-10-30T14:34:13+00:00","og_image":[{"width":2560,"height":1920,"url":"https:\/\/vrd-studio.com\/wp-content\/uploads\/2022\/09\/20220212_171208-scaled.jpg","type":"image\/jpeg"}],"twitter_card":"summary_large_image","twitter_misc":{"Est. reading time":"1 minute"},"schema":{"@context":"https:\/\/schema.org","@graph":[{"@type":"WebPage","@id":"https:\/\/vrd-studio.com\/rdv\/","url":"https:\/\/vrd-studio.com\/rdv\/","name":"Prendre un rendez-vous : - VRD Studio","isPartOf":{"@id":"https:\/\/vrd-studio.com\/#website"},"primaryImageOfPage":{"@id":"https:\/\/vrd-studio.com\/rdv\/#primaryimage"},"image":{"@id":"https:\/\/vrd-studio.com\/rdv\/#primaryimage"},"thumbnailUrl":"https:\/\/vrd-studio.com\/wp-content\/uploads\/2022\/09\/20220212_171208-scaled.jpg","datePublished":"2022-09-28T09:37:12+00:00","dateModified":"2022-10-30T14:34:13+00:00","description":"Au bureau ou en visioconf\u00e9rence, pour pr\u00e9senter et discuter de votre projet immersif. R\u00e9alit\u00e9 virtuelle ou sur \u00e9cran holographique visualisez l'avenir aujourd'hui!","breadcrumb":{"@id":"https:\/\/vrd-studio.com\/rdv\/#breadcrumb"},"inLanguage":"en-US","potentialAction":[{"@type":"ReadAction","target":["https:\/\/vrd-studio.com\/rdv\/"]}]},{"@type":"ImageObject","inLanguage":"en-US","@id":"https:\/\/vrd-studio.com\/rdv\/#primaryimage","url":"https:\/\/vrd-studio.com\/wp-content\/uploads\/2022\/09\/20220212_171208-scaled.jpg","contentUrl":"https:\/\/vrd-studio.com\/wp-content\/uploads\/2022\/09\/20220212_171208-scaled.jpg","width":2560,"height":1920},{"@type":"BreadcrumbList","@id":"https:\/\/vrd-studio.com\/rdv\/#breadcrumb","itemListElement":[{"@type":"ListItem","position":1,"name":"Accueil","item":"https:\/\/vrd-studio.com\/"},{"@type":"ListItem","position":2,"name":"Prendre un rendez-vous :"}]},{"@type":"WebSite","@id":"https:\/\/vrd-studio.com\/#website","url":"https:\/\/vrd-studio.com\/","name":"VRD Studio","description":"IMMERSIVE EXPERIENCE DESIGNERS","publisher":{"@id":"https:\/\/vrd-studio.com\/#organization"},"potentialAction":[{"@type":"SearchAction","target":{"@type":"EntryPoint","urlTemplate":"https:\/\/vrd-studio.com\/?s={search_term_string}"},"query-input":{"@type":"PropertyValueSpecification","valueRequired":true,"valueName":"search_term_string"}}],"inLanguage":"en-US"},{"@type":"Organization","@id":"https:\/\/vrd-studio.com\/#organization","name":"VRD Studio","url":"https:\/\/vrd-studio.com\/","logo":{"@type":"ImageObject","inLanguage":"en-US","@id":"https:\/\/vrd-studio.com\/#\/schema\/logo\/image\/","url":"https:\/\/vrd-studio.com\/wp-content\/uploads\/2020\/07\/VRDnexC-e1594897867730.jpg","contentUrl":"https:\/\/vrd-studio.com\/wp-content\/uploads\/2020\/07\/VRDnexC-e1594897867730.jpg","width":150,"height":150,"caption":"VRD Studio"},"image":{"@id":"https:\/\/vrd-studio.com\/#\/schema\/logo\/image\/"},"sameAs":["https:\/\/www.facebook.com\/VirtualRealityDesignStudio","https:\/\/www.youtube.com\/user\/raffy90CL"]}]}},"_links":{"self":[{"href":"https:\/\/vrd-studio.com\/en\/wp-json\/wp\/v2\/pages\/1588","targetHints":{"allow":["GET"]}}],"collection":[{"href":"https:\/\/vrd-studio.com\/en\/wp-json\/wp\/v2\/pages"}],"about":[{"href":"https:\/\/vrd-studio.com\/en\/wp-json\/wp\/v2\/types\/page"}],"author":[{"embeddable":true,"href":"https:\/\/vrd-studio.com\/en\/wp-json\/wp\/v2\/users\/2"}],"replies":[{"embeddable":true,"href":"https:\/\/vrd-studio.com\/en\/wp-json\/wp\/v2\/comments?post=1588"}],"version-history":[{"count":15,"href":"https:\/\/vrd-studio.com\/en\/wp-json\/wp\/v2\/pages\/1588\/revisions"}],"predecessor-version":[{"id":2611,"href":"https:\/\/vrd-studio.com\/en\/wp-json\/wp\/v2\/pages\/1588\/revisions\/2611"}],"wp:featuredmedia":[{"embeddable":true,"href":"https:\/\/vrd-studio.com\/en\/wp-json\/wp\/v2\/media\/1600"}],"wp:attachment":[{"href":"https:\/\/vrd-studio.com\/en\/wp-json\/wp\/v2\/media?parent=1588"}],"curies":[{"name":"wp","href":"https:\/\/api.w.org\/{rel}","templated":true}]}}